{"id":3310,"date":"2020-04-27T12:36:14","date_gmt":"2020-04-27T12:36:14","guid":{"rendered":"https:\/\/laurent.qodeinteractive.com\/elementor\/?page_id=3310"},"modified":"2025-01-23T10:26:15","modified_gmt":"2025-01-23T10:26:15","slug":"about-us","status":"publish","type":"page","link":"https:\/\/favoritorestaurant.at\/?page_id=3310","title":{"rendered":"\u00dcber uns"},"content":{"rendered":"\t\t<div data-elementor-type=\"wp-page\" data-elementor-id=\"3310\" class=\"elementor elementor-3310\">\n\t\t\t\t\t\t<section class=\"elementor-section elementor-top-section elementor-element elementor-element-4aa26a3 eltdf-elementor-row-grid-section elementor-section-boxed elementor-section-height-default elementor-section-height-default eltdf-parallax-row-no eltdf-content-aligment-left eltdf-disabled-bg-image-bellow-no\" data-id=\"4aa26a3\" data-element_type=\"section\" data-e-type=\"section\">\n\t\t\t\t\t\t<div class=\"elementor-container elementor-column-gap-default\">\n\t\t\t\t\t<div class=\"elementor-column elementor-col-25 elementor-top-column elementor-element elementor-element-9fa7bd8\" data-id=\"9fa7bd8\" data-element_type=\"column\" data-e-type=\"column\">\n\t\t\t<div class=\"elementor-widget-wrap elementor-element-populated\">\n\t\t\t\t\t\t<div class=\"elementor-element elementor-element-e575e1d elementor-widget__width-auto elementor-widget elementor-widget-eltdf_single_image\" data-id=\"e575e1d\" data-element_type=\"widget\" data-e-type=\"widget\" data-widget_type=\"eltdf_single_image.default\">\n\t\t\t\t<div class=\"elementor-widget-container\">\n\t\t\t\t\t<div class=\"eltdf-single-image-holder  eltdf-svg-pattern   \">\n    <div class=\"eltdf-si-inner\" >\n                                <svg version=\"1.1\" id=\"Layer_1\" xmlns=\"http:\/\/www.w3.org\/2000\/svg\" xmlns:xlink=\"http:\/\/www.w3.org\/1999\/xlink\" x=\"0px\" y=\"0px\"\n\t width=\"303.083px\" height=\"305.563px\" viewBox=\"0 0 303.083 305.563\" enable-background=\"new 0 0 303.083 305.563\"\n\t xml:space=\"preserve\">\n<path fill=\"none\" stroke=\"#9A7D57\" stroke-width=\"1.5\" stroke-miterlimit=\"10\" d=\"M36.927,251.827L1.428,190.62L72.426,67.954\n\tL53.591,35.415 M36.927,251.827l35.499-61.207L12.86,87.705 M107.925,6.621l35.499,61.333L72.426,190.62l65.733,113.572\n\t M85.728,290.305l57.696-99.685L72.426,67.954l35.47-61.282 M176.85,3.041l37.572,64.913L143.424,190.62l60.398,104.352\n\t M148.419,304.655l66.003-114.035L143.424,67.954L180.614,3.7 M281.166,75.306L214.422,190.62l41.37,71.478 M233.9,279.635\n\tl51.521-89.015L214.422,67.954l23.047-39.817 M302.023,161.937L285.42,190.62l7.581,13.098 M96.143,10.63v16.348 M60.644,88.311\n\tV70.871L44.853,43.219 M25.145,149.644v-17.439L7.325,101 M60.644,210.977v-17.439l-23.712-41.521L13.21,193.594v17.383\n\t M96.143,272.31V254.87l-23.712-41.521l-23.722,41.578v10.798 M123.73,302.348l-15.8-27.666L96.429,294.84 M192.572,298.572\n\tl-13.644-23.891l-16.852,29.537 M167.102,272.31V254.87l-23.712-41.521l-23.722,41.578v17.383 M238.139,272.31V254.87\n\tl-23.712-41.521l-23.722,41.578v17.383 M287.81,217.524l-2.385-4.176l-23.722,41.578v1.114 M131.642,210.977v-17.439l-23.712-41.521\n\tl-23.722,41.578v17.383 M202.64,210.977v-17.439l-23.712-41.521l-23.722,41.578v17.383 M273.638,210.977v-17.439l-23.712-41.521\n\tl-23.722,41.578v17.383 M96.143,149.644v-17.439L72.431,90.683l-23.722,41.578v17.383 M167.102,149.644v-17.439L143.39,90.683\n\tl-23.722,41.578v17.383 M238.139,149.644v-17.439l-23.712-41.521l-23.722,41.578v17.383 M295.99,109.182l-10.564-18.499\n\tl-23.722,41.578v17.383 M131.642,88.311V70.871L107.93,29.35L84.208,70.928v17.383 M202.64,88.311V70.871L178.928,29.35\n\tl-23.722,41.578v17.383 M273.638,88.311V70.871l-12.967-22.705 M246.644,35.104l-20.439,35.824v17.383 M167.141,26.978V9.538\n\tl-4.791-8.391 M123.446,3.043l-3.738,6.552v17.383 M192.453,6.533l-1.747,3.062v17.383 M84.248,15.75v31.78 M60.605,47.53V29.963\n\t M48.749,108.863V73.93L36.929,53.236L25.106,73.959v34.904 M13.25,170.196v-34.934L2.607,116.629 M48.749,231.529v-34.934\n\tl-11.819-20.693l-11.823,20.723v34.904 M84.248,289.6v-31.671l-11.819-20.693l-11.823,20.723v17.433 M180.675,301.633l-1.75-3.064\n\tl-2.172,3.805 M155.246,292.862v-34.934l-11.819-20.693l-11.823,20.723v34.904 M226.244,284.372v-26.443l-11.819-20.693\n\tl-11.823,20.723v34.904 M119.747,231.529v-34.934l-11.819-20.693l-11.823,20.723v34.904 M190.745,231.529v-34.934l-11.819-20.693\n\tl-11.823,20.723v34.904 M261.743,231.529v-34.934l-11.819-20.693L238.1,196.625v34.904 M84.248,170.196v-34.934l-11.819-20.693\n\tl-11.823,20.723v34.904 M155.207,170.196v-34.934l-11.819-20.693l-11.823,20.723v34.904 M226.244,170.196v-34.934l-11.819-20.693\n\tl-11.823,20.723v34.904 M297.242,170.196v-34.934l-11.819-20.693l-11.823,20.723v34.904 M119.747,108.863V73.93l-11.819-20.693\n\tL96.104,73.959v34.904 M190.745,108.863V73.93l-11.819-20.693l-11.823,20.723v34.904 M261.743,108.863V73.93l-11.819-20.693\n\tL238.1,73.959v34.904 M155.246,47.53V12.597L148.445,0.69 M138.147,1.156l-6.544,11.47V47.53 M226.244,20.976V47.53 M203.878,10.387\n\tl-1.277,2.239V47.53 M72.426,22.118v45.836 M36.927,73.112v56.051 M1.428,134.444v56.051 M36.927,195.776v56.051 M72.426,257.104\n\tv26.128 M143.424,257.104v47.4 M214.422,257.104v33.414 M107.925,195.776v56.051 M178.923,195.776v56.051 M249.921,195.776v56.051\n\t M72.426,134.444v56.051 M143.424,134.444v56.051 M214.422,134.444v56.051 M285.42,134.444v56.051 M107.925,73.112v56.051\n\t M178.923,73.112v56.051 M249.921,73.112v56.051 M143.424,11.903v56.051 M214.422,14.818v53.136 M137.838,304.162\"\/>\n<\/svg>                                <\/div>\n<\/div>\t\t\t\t<\/div>\n\t\t\t\t<\/div>\n\t\t\t\t\t<\/div>\n\t\t<\/div>\n\t\t\t\t<div class=\"elementor-column elementor-col-50 elementor-top-column elementor-element elementor-element-cd6ddc3\" data-id=\"cd6ddc3\" data-element_type=\"column\" data-e-type=\"column\">\n\t\t\t<div class=\"elementor-widget-wrap elementor-element-populated\">\n\t\t\t\t\t\t<div class=\"elementor-element elementor-element-92765b6 elementor-widget elementor-widget-eltdf_section_title\" data-id=\"92765b6\" data-element_type=\"widget\" data-e-type=\"widget\" data-widget_type=\"eltdf_section_title.default\">\n\t\t\t\t<div class=\"elementor-widget-container\">\n\t\t\t\t\t<div class=\"eltdf-section-title-holder    \" style=\"text-align: center\">\n\t<div class=\"eltdf-st-inner\">\n                    <span class=\"eltdf-st-tagline\">\n                Restaurant life            <\/span>\n        \t\t            <div class=\"eltdf-st-title-holder\">\n                                    <div class=\"decor\"><svg xmlns=\"http:\/\/www.w3.org\/2000\/svg\" width=\"41.125\" height=\"9.146\">\n                            <path fill=\"none\" stroke=\"#9C7C57\" stroke-miterlimit=\"10\" d=\"M40.881 8.576L20.562.591.244 8.576\"\/>\n                            <path fill=\"none\" stroke=\"#9C7C57\" stroke-miterlimit=\"10\" d=\"M40.881.591L20.562 8.576.243.591\"\/>\n                        <\/svg><\/div>\n                                <h2 class=\"eltdf-st-title\" >\n                    \u00dcber uns                <\/h2>\n                                    <div class=\"decor\"><svg xmlns=\"http:\/\/www.w3.org\/2000\/svg\" width=\"41.125\" height=\"9.146\">\n                            <path fill=\"none\" stroke=\"#9C7C57\" stroke-miterlimit=\"10\" d=\"M40.881 8.576L20.562.591.244 8.576\"\/>\n                            <path fill=\"none\" stroke=\"#9C7C57\" stroke-miterlimit=\"10\" d=\"M40.881.591L20.562 8.576.243.591\"\/>\n                        <\/svg><\/div>\n                            <\/div>\n\t\t\t\t\t\t\t<\/div>\n<\/div>\t\t\t\t<\/div>\n\t\t\t\t<\/div>\n\t\t\t\t<section class=\"elementor-section elementor-inner-section elementor-element elementor-element-b2d9698 elementor-section-boxed elementor-section-height-default elementor-section-height-default eltdf-parallax-row-no eltdf-content-aligment-left eltdf-elementor-row-grid-no eltdf-disabled-bg-image-bellow-no\" data-id=\"b2d9698\" data-element_type=\"section\" data-e-type=\"section\">\n\t\t\t\t\t\t<div class=\"elementor-container elementor-column-gap-default\">\n\t\t\t\t\t<div class=\"elementor-column elementor-col-100 elementor-inner-column elementor-element elementor-element-5c0af25\" data-id=\"5c0af25\" data-element_type=\"column\" data-e-type=\"column\">\n\t\t\t<div class=\"elementor-widget-wrap elementor-element-populated\">\n\t\t\t\t\t\t<div class=\"elementor-element elementor-element-8ddc9fa elementor-widget elementor-widget-text-editor\" data-id=\"8ddc9fa\" data-element_type=\"widget\" data-e-type=\"widget\" data-widget_type=\"text-editor.default\">\n\t\t\t\t<div class=\"elementor-widget-container\">\n\t\t\t\t\t\t\t\t\t<div class=\"wpb_text_column wpb_content_element \"><div class=\"wpb_wrapper\"><p>Milica und Jovica sind die Gr\u00fcnder des Restaurant Favorito. Beide stammen aus dem Balkan und verf\u00fcgen \u00fcber mehr als 10 Jahre Erfahrung in der professionellen K\u00fcchenarbeit. Milica ist eine wahre Meisterk\u00f6chin, wenn es darum geht, authentisches und k\u00f6stliches Essen zuzubereiten, es zu arrangieren und den Kunden zu pr\u00e4sentieren. Jovica steht ihr zur Seite, unterst\u00fctzt sie und arbeitet aktiv daran, das beste Erlebnis f\u00fcr die Kunden zu bieten.<\/p><p>Mit gro\u00dfer Leidenschaft und Fachwissen haben Milica und Jovica das Restaurant Favorito ins Leben gerufen. Ihre gemeinsame Vision war es, eine einzigartige kulinarische Oase zu schaffen, in der G\u00e4ste die authentischen Aromen des Balkans und \u00d6sterreichs genie\u00dfen k\u00f6nnen.<\/p><p>Das Restaurant Favorito befindet sich in Salzburg, \u00d6sterreich, und ist ihr erstes Gesch\u00e4ftslokal im Landesgericht. Wir freuen uns, am 1. Juni 2023 unsere T\u00fcren zu \u00f6ffnen und Sie in unsere kulinarische Welt einzuladen.<\/p><\/div><\/div>\t\t\t\t\t\t\t\t<\/div>\n\t\t\t\t<\/div>\n\t\t\t\t\t<\/div>\n\t\t<\/div>\n\t\t\t\t\t<\/div>\n\t\t<\/section>\n\t\t\t\t<div class=\"elementor-element elementor-element-17681b0 elementor-widget__width-auto elementor-widget elementor-widget-eltdf_button\" data-id=\"17681b0\" data-element_type=\"widget\" data-e-type=\"widget\" data-widget_type=\"eltdf_button.default\">\n\t\t\t\t<div class=\"elementor-widget-container\">\n\t\t\t\t\t<a itemprop=\"url\" href=\"#\" target=\"_blank\" style=\"padding: \" class=\"eltdf-btn eltdf-btn-medium eltdf-btn-simple\"  0=\"padding: \">\n        <span class=\"eltdf-btn-text\">Weiterlesen<\/span>\n        <\/a>\t\t\t\t<\/div>\n\t\t\t\t<\/div>\n\t\t\t\t\t<\/div>\n\t\t<\/div>\n\t\t\t\t<div class=\"elementor-column elementor-col-25 elementor-top-column elementor-element elementor-element-c499292\" data-id=\"c499292\" data-element_type=\"column\" data-e-type=\"column\">\n\t\t\t<div class=\"elementor-widget-wrap elementor-element-populated\">\n\t\t\t\t\t\t<div class=\"elementor-element elementor-element-005916a elementor-widget elementor-widget-image\" data-id=\"005916a\" data-element_type=\"widget\" data-e-type=\"widget\" data-widget_type=\"image.default\">\n\t\t\t\t<div class=\"elementor-widget-container\">\n\t\t\t\t\t\t\t\t\t\t\t\t\t\t\t<img fetchpriority=\"high\" decoding=\"async\" width=\"514\" height=\"710\" src=\"https:\/\/favoritorestaurant.at\/wp-content\/uploads\/2019\/12\/home-3-rev-img-3.jpg\" class=\"attachment-large size-large wp-image-2212\" alt=\"x\" srcset=\"https:\/\/favoritorestaurant.at\/wp-content\/uploads\/2019\/12\/home-3-rev-img-3.jpg 514w, https:\/\/favoritorestaurant.at\/wp-content\/uploads\/2019\/12\/home-3-rev-img-3-217x300.jpg 217w\" sizes=\"(max-width: 514px) 100vw, 514px\" \/>\t\t\t\t\t\t\t\t\t\t\t\t\t\t\t<\/div>\n\t\t\t\t<\/div>\n\t\t\t\t\t<\/div>\n\t\t<\/div>\n\t\t\t\t\t<\/div>\n\t\t<\/section>\n\t\t\t\t<section class=\"elementor-section elementor-top-section elementor-element elementor-element-4f14d7b elementor-section-boxed elementor-section-height-default elementor-section-height-default eltdf-parallax-row-no eltdf-content-aligment-left eltdf-elementor-row-grid-no eltdf-disabled-bg-image-bellow-no\" data-id=\"4f14d7b\" data-element_type=\"section\" data-e-type=\"section\">\n\t\t\t\t\t\t<div class=\"elementor-container elementor-column-gap-default\">\n\t\t\t\t\t<div class=\"elementor-column elementor-col-100 elementor-top-column elementor-element elementor-element-5d9c380\" data-id=\"5d9c380\" data-element_type=\"column\" data-e-type=\"column\">\n\t\t\t<div class=\"elementor-widget-wrap elementor-element-populated\">\n\t\t\t\t\t\t<div class=\"elementor-element elementor-element-f86897c elementor-widget elementor-widget-text-editor\" data-id=\"f86897c\" data-element_type=\"widget\" data-e-type=\"widget\" data-widget_type=\"text-editor.default\">\n\t\t\t\t<div class=\"elementor-widget-container\">\n\t\t\t\t\t\t\t\t\t<p>Unser Ziel ist es, Sie mit herausragender Qualit\u00e4t, hervorragendem Service und einer herzlichen Atmosph\u00e4re zu begeistern. Milica, als Meisterk\u00f6chin, bringt ihr umfangreiches Wissen \u00fcber die traditionelle Balkank\u00fcche und ihre eigenen raffinierten Kreationen ein. Jovica ist der Motor hinter den Kulissen, der daf\u00fcr sorgt, dass alles reibungslos abl\u00e4uft und die Bed\u00fcrfnisse unserer gesch\u00e4tzten G\u00e4ste erf\u00fcllt werden.<\/p><p>Im Restaurant Favorito erwartet Sie ein geschmackliches Erlebnis, das von hochwertigen Zutaten und liebevoller Zubereitung gepr\u00e4gt ist. Unsere Speisekarte bietet eine Auswahl an authentischen Balkangerichten sowie \u00f6sterreichischen K\u00f6stlichkeiten, die Ihren Gaumen verw\u00f6hnen werden.<\/p><p>Wir legen gro\u00dfen Wert auf die Zufriedenheit unserer G\u00e4ste und freuen uns darauf, Ihnen unvergessliche kulinarische Momente zu bescheren. Besuchen Sie uns im Restaurant Favorito und lassen Sie sich von unserer Leidenschaft f\u00fcr exzellentes Essen und Gastfreundschaft begeistern.<\/p>\t\t\t\t\t\t\t\t<\/div>\n\t\t\t\t<\/div>\n\t\t\t\t\t<\/div>\n\t\t<\/div>\n\t\t\t\t\t<\/div>\n\t\t<\/section>\n\t\t\t\t<section class=\"elementor-section elementor-top-section elementor-element elementor-element-b1858ae elementor-section-boxed elementor-section-height-default elementor-section-height-default eltdf-parallax-row-no eltdf-content-aligment-left eltdf-elementor-row-grid-no eltdf-disabled-bg-image-bellow-no\" data-id=\"b1858ae\" data-element_type=\"section\" data-e-type=\"section\">\n\t\t\t\t\t\t<div class=\"elementor-container elementor-column-gap-default\">\n\t\t\t\t\t<div class=\"elementor-column elementor-col-100 elementor-top-column elementor-element elementor-element-760ccf3\" data-id=\"760ccf3\" data-element_type=\"column\" data-e-type=\"column\">\n\t\t\t<div class=\"elementor-widget-wrap elementor-element-populated\">\n\t\t\t\t\t\t<div class=\"elementor-element elementor-element-412f02f elementor-widget elementor-widget-image\" data-id=\"412f02f\" data-element_type=\"widget\" data-e-type=\"widget\" data-widget_type=\"image.default\">\n\t\t\t\t<div class=\"elementor-widget-container\">\n\t\t\t\t\t\t\t\t\t\t\t\t\t\t\t<img decoding=\"async\" width=\"1024\" height=\"576\" src=\"https:\/\/favoritorestaurant.at\/wp-content\/uploads\/2023\/05\/ezgif.com-webp-to-jpg-1024x576.jpg\" class=\"attachment-large size-large wp-image-4558\" alt=\"\" srcset=\"https:\/\/favoritorestaurant.at\/wp-content\/uploads\/2023\/05\/ezgif.com-webp-to-jpg-1024x576.jpg 1024w, https:\/\/favoritorestaurant.at\/wp-content\/uploads\/2023\/05\/ezgif.com-webp-to-jpg-300x169.jpg 300w, https:\/\/favoritorestaurant.at\/wp-content\/uploads\/2023\/05\/ezgif.com-webp-to-jpg-768x432.jpg 768w, https:\/\/favoritorestaurant.at\/wp-content\/uploads\/2023\/05\/ezgif.com-webp-to-jpg.jpg 1080w\" sizes=\"(max-width: 1024px) 100vw, 1024px\" \/>\t\t\t\t\t\t\t\t\t\t\t\t\t\t\t<\/div>\n\t\t\t\t<\/div>\n\t\t\t\t\t<\/div>\n\t\t<\/div>\n\t\t\t\t\t<\/div>\n\t\t<\/section>\n\t\t\t\t<\/div>\n\t\t","protected":false},"excerpt":{"rendered":"<p>Restaurant life \u00dcber uns Milica und Jovica sind die Gr\u00fcnder des Restaurant Favorito. Beide stammen aus dem Balkan und verf\u00fcgen \u00fcber mehr als 10 Jahre Erfahrung in der professionellen K\u00fcchenarbeit. Milica ist eine wahre Meisterk\u00f6chin, wenn es darum geht, authentisches und k\u00f6stliches Essen zuzubereiten, es zu arrangieren und den Kunden zu pr\u00e4sentieren. Jovica steht ihr zur Seite, unterst\u00fctzt sie und [&hellip;]<\/p>\n","protected":false},"author":1,"featured_media":0,"parent":0,"menu_order":0,"comment_status":"closed","ping_status":"closed","template":"full-width.php","meta":{"footnotes":""},"class_list":["post-3310","page","type-page","status-publish","hentry"],"_links":{"self":[{"href":"https:\/\/favoritorestaurant.at\/index.php?rest_route=\/wp\/v2\/pages\/3310","targetHints":{"allow":["GET"]}}],"collection":[{"href":"https:\/\/favoritorestaurant.at\/index.php?rest_route=\/wp\/v2\/pages"}],"about":[{"href":"https:\/\/favoritorestaurant.at\/index.php?rest_route=\/wp\/v2\/types\/page"}],"author":[{"embeddable":true,"href":"https:\/\/favoritorestaurant.at\/index.php?rest_route=\/wp\/v2\/users\/1"}],"replies":[{"embeddable":true,"href":"https:\/\/favoritorestaurant.at\/index.php?rest_route=%2Fwp%2Fv2%2Fcomments&post=3310"}],"version-history":[{"count":17,"href":"https:\/\/favoritorestaurant.at\/index.php?rest_route=\/wp\/v2\/pages\/3310\/revisions"}],"predecessor-version":[{"id":5048,"href":"https:\/\/favoritorestaurant.at\/index.php?rest_route=\/wp\/v2\/pages\/3310\/revisions\/5048"}],"wp:attachment":[{"href":"https:\/\/favoritorestaurant.at\/index.php?rest_route=%2Fwp%2Fv2%2Fmedia&parent=3310"}],"curies":[{"name":"wp","href":"https:\/\/api.w.org\/{rel}","templated":true}]}}