{"id":4658,"date":"2023-10-15T15:05:39","date_gmt":"2023-10-15T14:05:39","guid":{"rendered":"https:\/\/favoritorestaurant.at\/?page_id=4658"},"modified":"2026-04-19T11:38:53","modified_gmt":"2026-04-19T10:38:53","slug":"wochenmenu","status":"publish","type":"page","link":"https:\/\/favoritorestaurant.at\/?page_id=4658","title":{"rendered":"Wochenmen\u00fc"},"content":{"rendered":"\t\t<div data-elementor-type=\"wp-page\" data-elementor-id=\"4658\" class=\"elementor elementor-4658\">\n\t\t\t\t\t\t<section class=\"elementor-section elementor-top-section elementor-element elementor-element-6fe4b3ef elementor-section-boxed elementor-section-height-default elementor-section-height-default eltdf-parallax-row-no eltdf-content-aligment-left eltdf-elementor-row-grid-no eltdf-disabled-bg-image-bellow-no\" data-id=\"6fe4b3ef\" data-element_type=\"section\" data-e-type=\"section\">\n\t\t\t\t\t\t<div class=\"elementor-container elementor-column-gap-default\">\n\t\t\t\t\t<div class=\"elementor-column elementor-col-100 elementor-top-column elementor-element elementor-element-637c1b07\" data-id=\"637c1b07\" data-element_type=\"column\" data-e-type=\"column\">\n\t\t\t<div class=\"elementor-widget-wrap elementor-element-populated\">\n\t\t\t\t\t\t<div class=\"elementor-element elementor-element-721ff05f elementor-widget elementor-widget-text-editor\" data-id=\"721ff05f\" data-element_type=\"widget\" data-e-type=\"widget\" data-widget_type=\"text-editor.default\">\n\t\t\t\t<div class=\"elementor-widget-container\">\n\t\t\t\t\t\t\t\t\t<table style=\"display: block; overflow-x: auto;\">\n<tbody>\n<tr>\n<td><strong><em>Men\u00fcauswahl<\/em><\/strong><\/td>\n<td>\n<p><strong><em>MONTAG<\/em><\/strong><\/p>\n<p><strong><em>20.04.2026<\/em><\/strong><\/p>\n<\/td>\n<td>\n<p><strong><em>DIENSTAG<\/em><\/strong><\/p>\n<p><strong><em>21.04.2026<\/em><\/strong><\/p>\n<\/td>\n<td>\n<p><strong><em>MITTWOCH<\/em><\/strong><\/p>\n<p><strong><em>22.04.2026<\/em><\/strong><\/p>\n<\/td>\n<td>\n<p><strong><em>DONNERSTAG<\/em><\/strong><\/p>\n<p><strong><em>23.04.2026<\/em><\/strong><\/p>\n<\/td>\n<td>\n<p><strong><em>FREITAG<\/em><\/strong><\/p>\n<p><strong><em>24.04.2026<\/em><\/strong><\/p>\n<\/td>\n<\/tr>\n<tr>\n<td>Suppe<\/td>\n<td>\n<p>Grie\u00dfnockerlsuppe<\/p>\n<\/td>\n<td>\n<p>Champignon creme Suppe\u00a0<\/p>\n<\/td>\n<td>Gem\u00fcsesuppe\u00a0<\/td>\n<td>Tomaten Suppe\u00a0<\/td>\n<td>Frittaten Suppe<\/td>\n<\/tr>\n<tr>\n<td>Salat<\/td>\n<td>Gemischter Salat<\/td>\n<td>Verde Salat\u00a0<\/td>\n<td>Mista Salat<\/td>\n<td>Gr\u00fcner Salat<\/td>\n<td>Tricolore Salat<\/td>\n<\/tr>\n<tr>\n<td>Men\u00fc 1<br \/>\u20ac11,90<\/td>\n<td>\n<p>Spinat-Champignon-<br \/>Gem\u00fcse Lasagne<\/p>\n<\/td>\n<td>\n<p>Gef\u00fcllte Paprika mit Feta und Cous-<br \/>Cous Gem\u00fcse Kartoffel-T.Sauce<\/p>\n<\/td>\n<td>Mediteranen Gnocchi Pfanne mit<br \/>Baby Spinat,Cherry,<br \/>Oliven und<br \/>Mozzarella<\/td>\n<td>Gem\u00fcse-Pizza Strudel mit Krauter Dip<\/td>\n<td>Saftige Schupfnudel<br \/>Gem\u00fcse Pfanne<\/td>\n<\/tr>\n<tr>\n<td>\u00a0<\/td>\n<td>\u00a0<\/td>\n<td>\u00a0<\/td>\n<td>\u00a0<\/td>\n<td>\u00a0<\/td>\n<td>\u00a0<\/td>\n<\/tr>\n<tr>\n<td>Men\u00fc 2<br \/>\u20ac12,90<\/td>\n<td>\n<p>Kalbgulasch mit<br \/>Kn\u00f6del oder Nockerl<\/p>\n<\/td>\n<td>Puten Curry<br \/>mit Reis<\/td>\n<td>Lachs Teriyaki mit<br \/>Gem\u00fcsereis<\/td>\n<td>Hendel mit Cremige<br \/>Tomaten-Sahne<br \/>Sauce mit Nudeln<\/td>\n<td>Salat mit Crispy<br \/>Chicken<\/td>\n<\/tr>\n<tr>\n<td>\u00a0<\/td>\n<td>\u00a0<\/td>\n<td>\u00a0<\/td>\n<td>\u00a0<\/td>\n<td>\u00a0<\/td>\n<td>\u00a0<\/td>\n<\/tr>\n<tr>\n<td>Men\u00fc 3<br \/>\u20ac12,90<\/td>\n<td>\n<p>Hackbraten mit Ei und<br \/>P\u00fcree<\/p>\n<\/td>\n<td>Schnitzel mit<br \/>Pommes oder Reis<\/td>\n<td>Gef\u00fcllte Zucchini mit<br \/>Faschiertem und<br \/>Kartoffeln -T-Sauce<\/td>\n<td>Schweinemedaillons<br \/>in Pfeffer-Rahm sauce<br \/>und P\u00fcree<\/td>\n<td>Forelle, Zander, Lachs<br \/>Teller mit Petersillien<br \/>Kartoffeln<\/td>\n<\/tr>\n<tr>\n<td>\u00a0<\/td>\n<td>\u00a0<\/td>\n<td>\u00a0<\/td>\n<td>\u00a0<\/td>\n<td>\u00a0<\/td>\n<td>\u00a0<\/td>\n<\/tr>\n<tr>\n<td>Dessert<br \/>\u20ac6,50<\/td>\n<td>\n<p>Marillenkuchen\u00a0<\/p>\n<\/td>\n<td>Tiramisu<\/td>\n<td>\n<p>Palatschinken mit Marmelade<\/p>\n<\/td>\n<td>Cheesecake<\/td>\n<td>Schokokuchen<\/td>\n<\/tr>\n<\/tbody>\n<\/table>\n<p><\/p>\n<p><\/p>\t\t\t\t\t\t\t\t<\/div>\n\t\t\t\t<\/div>\n\t\t\t\t\t<\/div>\n\t\t<\/div>\n\t\t\t\t\t<\/div>\n\t\t<\/section>\n\t\t\t\t<\/div>\n\t\t","protected":false},"excerpt":{"rendered":"<p>Men\u00fcauswahl MONTAG 20.04.2026 DIENSTAG 21.04.2026 MITTWOCH 22.04.2026 DONNERSTAG 23.04.2026 FREITAG 24.04.2026 Suppe Grie\u00dfnockerlsuppe Champignon creme Suppe\u00a0 Gem\u00fcsesuppe\u00a0 Tomaten Suppe\u00a0 Frittaten Suppe Salat Gemischter Salat Verde Salat\u00a0 Mista Salat Gr\u00fcner Salat Tricolore Salat Men\u00fc 1\u20ac11,90 Spinat-Champignon-Gem\u00fcse Lasagne Gef\u00fcllte Paprika mit Feta und Cous-Cous Gem\u00fcse Kartoffel-T.Sauce Mediteranen Gnocchi Pfanne mitBaby Spinat,Cherry,Oliven undMozzarella Gem\u00fcse-Pizza Strudel mit Krauter Dip Saftige SchupfnudelGem\u00fcse Pfanne \u00a0 \u00a0 [&hellip;]<\/p>\n","protected":false},"author":2,"featured_media":0,"parent":0,"menu_order":0,"comment_status":"closed","ping_status":"closed","template":"","meta":{"footnotes":""},"class_list":["post-4658","page","type-page","status-publish","hentry"],"_links":{"self":[{"href":"https:\/\/favoritorestaurant.at\/index.php?rest_route=\/wp\/v2\/pages\/4658","targetHints":{"allow":["GET"]}}],"collection":[{"href":"https:\/\/favoritorestaurant.at\/index.php?rest_route=\/wp\/v2\/pages"}],"about":[{"href":"https:\/\/favoritorestaurant.at\/index.php?rest_route=\/wp\/v2\/types\/page"}],"author":[{"embeddable":true,"href":"https:\/\/favoritorestaurant.at\/index.php?rest_route=\/wp\/v2\/users\/2"}],"replies":[{"embeddable":true,"href":"https:\/\/favoritorestaurant.at\/index.php?rest_route=%2Fwp%2Fv2%2Fcomments&post=4658"}],"version-history":[{"count":497,"href":"https:\/\/favoritorestaurant.at\/index.php?rest_route=\/wp\/v2\/pages\/4658\/revisions"}],"predecessor-version":[{"id":5306,"href":"https:\/\/favoritorestaurant.at\/index.php?rest_route=\/wp\/v2\/pages\/4658\/revisions\/5306"}],"wp:attachment":[{"href":"https:\/\/favoritorestaurant.at\/index.php?rest_route=%2Fwp%2Fv2%2Fmedia&parent=4658"}],"curies":[{"name":"wp","href":"https:\/\/api.w.org\/{rel}","templated":true}]}}